{"id":157,"date":"2024-03-26T17:36:49","date_gmt":"2024-03-26T16:36:49","guid":{"rendered":"https:\/\/bonheurdepierre.com\/?page_id=157"},"modified":"2024-03-26T18:33:35","modified_gmt":"2024-03-26T17:33:35","slug":"reverie","status":"publish","type":"page","link":"https:\/\/bonheurdepierre.com\/index.php\/reverie\/","title":{"rendered":"R\u00eaverie"},"content":{"rendered":"\n<p>En forme de guitare, de c\u0153ur et de corps de femme, cette sculpture translucide laisse l&rsquo;observateur dans une interpr\u00e9tation ambigu\u00eb entre l&rsquo;abstrait et le r\u00e9alisme.<\/p>\n\n\n\n<p><\/p>\n\n\n\n<figure class=\"wp-block-gallery has-nested-images columns-default is-cropped wp-block-gallery-1 is-layout-flex wp-block-gallery-is-layout-flex\">\n<figure data-wp-context=\"{&quot;imageId&quot;:&quot;69e11bdc282ad&quot;}\" data-wp-interactive=\"core\/image\" data-wp-key=\"69e11bdc282ad\" class=\"wp-block-image size-large wp-lightbox-container\"><img decoding=\"async\" data-wp-class--hide=\"state.isContentHidden\" data-wp-class--show=\"state.isContentVisible\" data-wp-init=\"callbacks.setButtonStyles\" data-wp-on--click=\"actions.showLightbox\" data-wp-on--load=\"callbacks.setButtonStyles\" data-wp-on-window--resize=\"callbacks.setButtonStyles\" data-id=\"162\" src=\"https:\/\/bonheurdepierre.com\/wp-content\/uploads\/2024\/03\/PMD_2019_REVERIE_1-rotated-1-768x1024.jpg\" alt=\"\" class=\"wp-image-162\"\/><button\n\t\t\tclass=\"lightbox-trigger\"\n\t\t\ttype=\"button\"\n\t\t\taria-haspopup=\"dialog\"\n\t\t\taria-label=\"Agrandir\"\n\t\t\tdata-wp-init=\"callbacks.initTriggerButton\"\n\t\t\tdata-wp-on--click=\"actions.showLightbox\"\n\t\t\tdata-wp-style--right=\"state.imageButtonRight\"\n\t\t\tdata-wp-style--top=\"state.imageButtonTop\"\n\t\t>\n\t\t\t<svg xmlns=\"http:\/\/www.w3.org\/2000\/svg\" width=\"12\" height=\"12\" fill=\"none\" viewBox=\"0 0 12 12\">\n\t\t\t\t<path fill=\"#fff\" d=\"M2 0a2 2 0 0 0-2 2v2h1.5V2a.5.5 0 0 1 .5-.5h2V0H2Zm2 10.5H2a.5.5 0 0 1-.5-.5V8H0v2a2 2 0 0 0 2 2h2v-1.5ZM8 12v-1.5h2a.5.5 0 0 0 .5-.5V8H12v2a2 2 0 0 1-2 2H8Zm2-12a2 2 0 0 1 2 2v2h-1.5V2a.5.5 0 0 0-.5-.5H8V0h2Z\" \/>\n\t\t\t<\/svg>\n\t\t<\/button><\/figure>\n\n\n\n<figure data-wp-context=\"{&quot;imageId&quot;:&quot;69e11bdc286b1&quot;}\" data-wp-interactive=\"core\/image\" data-wp-key=\"69e11bdc286b1\" class=\"wp-block-image size-large wp-lightbox-container\"><img loading=\"lazy\" decoding=\"async\" width=\"768\" height=\"1024\" data-wp-class--hide=\"state.isContentHidden\" data-wp-class--show=\"state.isContentVisible\" data-wp-init=\"callbacks.setButtonStyles\" data-wp-on--click=\"actions.showLightbox\" data-wp-on--load=\"callbacks.setButtonStyles\" data-wp-on-window--resize=\"callbacks.setButtonStyles\" data-id=\"163\" src=\"https:\/\/bonheurdepierre.com\/wp-content\/uploads\/2024\/03\/PMD_2019_REVERIE_2-768x1024.jpg\" alt=\"\" class=\"wp-image-163\" srcset=\"https:\/\/bonheurdepierre.com\/wp-content\/uploads\/2024\/03\/PMD_2019_REVERIE_2-768x1024.jpg 768w, https:\/\/bonheurdepierre.com\/wp-content\/uploads\/2024\/03\/PMD_2019_REVERIE_2-225x300.jpg 225w, https:\/\/bonheurdepierre.com\/wp-content\/uploads\/2024\/03\/PMD_2019_REVERIE_2-1152x1536.jpg 1152w, https:\/\/bonheurdepierre.com\/wp-content\/uploads\/2024\/03\/PMD_2019_REVERIE_2-1200x1600.jpg 1200w, https:\/\/bonheurdepierre.com\/wp-content\/uploads\/2024\/03\/PMD_2019_REVERIE_2-rotated.jpg 1512w\" sizes=\"auto, (max-width: 768px) 100vw, 768px\" \/><button\n\t\t\tclass=\"lightbox-trigger\"\n\t\t\ttype=\"button\"\n\t\t\taria-haspopup=\"dialog\"\n\t\t\taria-label=\"Agrandir\"\n\t\t\tdata-wp-init=\"callbacks.initTriggerButton\"\n\t\t\tdata-wp-on--click=\"actions.showLightbox\"\n\t\t\tdata-wp-style--right=\"state.imageButtonRight\"\n\t\t\tdata-wp-style--top=\"state.imageButtonTop\"\n\t\t>\n\t\t\t<svg xmlns=\"http:\/\/www.w3.org\/2000\/svg\" width=\"12\" height=\"12\" fill=\"none\" viewBox=\"0 0 12 12\">\n\t\t\t\t<path fill=\"#fff\" d=\"M2 0a2 2 0 0 0-2 2v2h1.5V2a.5.5 0 0 1 .5-.5h2V0H2Zm2 10.5H2a.5.5 0 0 1-.5-.5V8H0v2a2 2 0 0 0 2 2h2v-1.5ZM8 12v-1.5h2a.5.5 0 0 0 .5-.5V8H12v2a2 2 0 0 1-2 2H8Zm2-12a2 2 0 0 1 2 2v2h-1.5V2a.5.5 0 0 0-.5-.5H8V0h2Z\" \/>\n\t\t\t<\/svg>\n\t\t<\/button><\/figure>\n\n\n\n<figure data-wp-context=\"{&quot;imageId&quot;:&quot;69e11bdc289ea&quot;}\" data-wp-interactive=\"core\/image\" data-wp-key=\"69e11bdc289ea\" class=\"wp-block-image size-large wp-lightbox-container\"><img loading=\"lazy\" decoding=\"async\" width=\"768\" height=\"1024\" data-wp-class--hide=\"state.isContentHidden\" data-wp-class--show=\"state.isContentVisible\" data-wp-init=\"callbacks.setButtonStyles\" data-wp-on--click=\"actions.showLightbox\" data-wp-on--load=\"callbacks.setButtonStyles\" data-wp-on-window--resize=\"callbacks.setButtonStyles\" data-id=\"161\" src=\"https:\/\/bonheurdepierre.com\/wp-content\/uploads\/2024\/03\/PMD_2019_REVERIE_3-768x1024.jpg\" alt=\"\" class=\"wp-image-161\" srcset=\"https:\/\/bonheurdepierre.com\/wp-content\/uploads\/2024\/03\/PMD_2019_REVERIE_3-768x1024.jpg 768w, https:\/\/bonheurdepierre.com\/wp-content\/uploads\/2024\/03\/PMD_2019_REVERIE_3-225x300.jpg 225w, https:\/\/bonheurdepierre.com\/wp-content\/uploads\/2024\/03\/PMD_2019_REVERIE_3-1152x1536.jpg 1152w, https:\/\/bonheurdepierre.com\/wp-content\/uploads\/2024\/03\/PMD_2019_REVERIE_3-1200x1600.jpg 1200w, https:\/\/bonheurdepierre.com\/wp-content\/uploads\/2024\/03\/PMD_2019_REVERIE_3.jpg 1512w\" sizes=\"auto, (max-width: 768px) 100vw, 768px\" \/><button\n\t\t\tclass=\"lightbox-trigger\"\n\t\t\ttype=\"button\"\n\t\t\taria-haspopup=\"dialog\"\n\t\t\taria-label=\"Agrandir\"\n\t\t\tdata-wp-init=\"callbacks.initTriggerButton\"\n\t\t\tdata-wp-on--click=\"actions.showLightbox\"\n\t\t\tdata-wp-style--right=\"state.imageButtonRight\"\n\t\t\tdata-wp-style--top=\"state.imageButtonTop\"\n\t\t>\n\t\t\t<svg xmlns=\"http:\/\/www.w3.org\/2000\/svg\" width=\"12\" height=\"12\" fill=\"none\" viewBox=\"0 0 12 12\">\n\t\t\t\t<path fill=\"#fff\" d=\"M2 0a2 2 0 0 0-2 2v2h1.5V2a.5.5 0 0 1 .5-.5h2V0H2Zm2 10.5H2a.5.5 0 0 1-.5-.5V8H0v2a2 2 0 0 0 2 2h2v-1.5ZM8 12v-1.5h2a.5.5 0 0 0 .5-.5V8H12v2a2 2 0 0 1-2 2H8Zm2-12a2 2 0 0 1 2 2v2h-1.5V2a.5.5 0 0 0-.5-.5H8V0h2Z\" \/>\n\t\t\t<\/svg>\n\t\t<\/button><\/figure>\n\n\n\n<figure data-wp-context=\"{&quot;imageId&quot;:&quot;69e11bdc28d29&quot;}\" data-wp-interactive=\"core\/image\" data-wp-key=\"69e11bdc28d29\" class=\"wp-block-image size-large wp-lightbox-container\"><img loading=\"lazy\" decoding=\"async\" width=\"768\" height=\"1024\" data-wp-class--hide=\"state.isContentHidden\" data-wp-class--show=\"state.isContentVisible\" data-wp-init=\"callbacks.setButtonStyles\" data-wp-on--click=\"actions.showLightbox\" data-wp-on--load=\"callbacks.setButtonStyles\" data-wp-on-window--resize=\"callbacks.setButtonStyles\" data-id=\"160\" src=\"https:\/\/bonheurdepierre.com\/wp-content\/uploads\/2024\/03\/PMD_2019_REVERIE_4-768x1024.jpg\" alt=\"\" class=\"wp-image-160\" srcset=\"https:\/\/bonheurdepierre.com\/wp-content\/uploads\/2024\/03\/PMD_2019_REVERIE_4-768x1024.jpg 768w, https:\/\/bonheurdepierre.com\/wp-content\/uploads\/2024\/03\/PMD_2019_REVERIE_4-225x300.jpg 225w, https:\/\/bonheurdepierre.com\/wp-content\/uploads\/2024\/03\/PMD_2019_REVERIE_4-1152x1536.jpg 1152w, https:\/\/bonheurdepierre.com\/wp-content\/uploads\/2024\/03\/PMD_2019_REVERIE_4-1200x1600.jpg 1200w, https:\/\/bonheurdepierre.com\/wp-content\/uploads\/2024\/03\/PMD_2019_REVERIE_4.jpg 1512w\" sizes=\"auto, (max-width: 768px) 100vw, 768px\" \/><button\n\t\t\tclass=\"lightbox-trigger\"\n\t\t\ttype=\"button\"\n\t\t\taria-haspopup=\"dialog\"\n\t\t\taria-label=\"Agrandir\"\n\t\t\tdata-wp-init=\"callbacks.initTriggerButton\"\n\t\t\tdata-wp-on--click=\"actions.showLightbox\"\n\t\t\tdata-wp-style--right=\"state.imageButtonRight\"\n\t\t\tdata-wp-style--top=\"state.imageButtonTop\"\n\t\t>\n\t\t\t<svg xmlns=\"http:\/\/www.w3.org\/2000\/svg\" width=\"12\" height=\"12\" fill=\"none\" viewBox=\"0 0 12 12\">\n\t\t\t\t<path fill=\"#fff\" d=\"M2 0a2 2 0 0 0-2 2v2h1.5V2a.5.5 0 0 1 .5-.5h2V0H2Zm2 10.5H2a.5.5 0 0 1-.5-.5V8H0v2a2 2 0 0 0 2 2h2v-1.5ZM8 12v-1.5h2a.5.5 0 0 0 .5-.5V8H12v2a2 2 0 0 1-2 2H8Zm2-12a2 2 0 0 1 2 2v2h-1.5V2a.5.5 0 0 0-.5-.5H8V0h2Z\" \/>\n\t\t\t<\/svg>\n\t\t<\/button><\/figure>\n<\/figure>\n","protected":false},"excerpt":{"rendered":"<p>En forme de guitare, de c\u0153ur et de corps de femme, cette sculpture translucide laisse l&rsquo;observateur dans une interpr\u00e9tation ambigu\u00eb entre l&rsquo;abstrait et le r\u00e9alisme.<\/p>\n","protected":false},"author":2,"featured_media":0,"parent":0,"menu_order":0,"comment_status":"closed","ping_status":"closed","template":"","meta":{"footnotes":""},"class_list":["post-157","page","type-page","status-publish","hentry"],"_links":{"self":[{"href":"https:\/\/bonheurdepierre.com\/index.php\/wp-json\/wp\/v2\/pages\/157","targetHints":{"allow":["GET"]}}],"collection":[{"href":"https:\/\/bonheurdepierre.com\/index.php\/wp-json\/wp\/v2\/pages"}],"about":[{"href":"https:\/\/bonheurdepierre.com\/index.php\/wp-json\/wp\/v2\/types\/page"}],"author":[{"embeddable":true,"href":"https:\/\/bonheurdepierre.com\/index.php\/wp-json\/wp\/v2\/users\/2"}],"replies":[{"embeddable":true,"href":"https:\/\/bonheurdepierre.com\/index.php\/wp-json\/wp\/v2\/comments?post=157"}],"version-history":[{"count":3,"href":"https:\/\/bonheurdepierre.com\/index.php\/wp-json\/wp\/v2\/pages\/157\/revisions"}],"predecessor-version":[{"id":197,"href":"https:\/\/bonheurdepierre.com\/index.php\/wp-json\/wp\/v2\/pages\/157\/revisions\/197"}],"wp:attachment":[{"href":"https:\/\/bonheurdepierre.com\/index.php\/wp-json\/wp\/v2\/media?parent=157"}],"curies":[{"name":"wp","href":"https:\/\/api.w.org\/{rel}","templated":true}]}}