{"id":185,"date":"2024-03-26T17:58:52","date_gmt":"2024-03-26T16:58:52","guid":{"rendered":"https:\/\/bonheurdepierre.com\/?page_id=185"},"modified":"2024-03-26T18:32:53","modified_gmt":"2024-03-26T17:32:53","slug":"moumoune","status":"publish","type":"page","link":"https:\/\/bonheurdepierre.com\/index.php\/moumoune\/","title":{"rendered":"Moumoune"},"content":{"rendered":"\n<p>Notre chat qui sait \u00eatre \u00e0 la fois si proche et si ind\u00e9pendant est la attendant, une caresse.<\/p>\n\n\n\n<figure class=\"wp-block-gallery has-nested-images columns-default is-cropped wp-block-gallery-1 is-layout-flex wp-block-gallery-is-layout-flex\">\n<figure data-wp-context=\"{&quot;imageId&quot;:&quot;69e37fea267be&quot;}\" data-wp-interactive=\"core\/image\" data-wp-key=\"69e37fea267be\" class=\"wp-block-image size-large wp-lightbox-container\"><img loading=\"lazy\" decoding=\"async\" width=\"768\" height=\"1024\" data-wp-class--hide=\"state.isContentHidden\" data-wp-class--show=\"state.isContentVisible\" data-wp-init=\"callbacks.setButtonStyles\" data-wp-on--click=\"actions.showLightbox\" data-wp-on--load=\"callbacks.setButtonStyles\" data-wp-on-window--resize=\"callbacks.setButtonStyles\" data-id=\"171\" src=\"https:\/\/bonheurdepierre.com\/wp-content\/uploads\/2024\/03\/PMD_2019_MOUMOUN_1-768x1024.jpg\" alt=\"\" class=\"wp-image-171\" srcset=\"https:\/\/bonheurdepierre.com\/wp-content\/uploads\/2024\/03\/PMD_2019_MOUMOUN_1-768x1024.jpg 768w, https:\/\/bonheurdepierre.com\/wp-content\/uploads\/2024\/03\/PMD_2019_MOUMOUN_1-225x300.jpg 225w, https:\/\/bonheurdepierre.com\/wp-content\/uploads\/2024\/03\/PMD_2019_MOUMOUN_1-1152x1536.jpg 1152w, https:\/\/bonheurdepierre.com\/wp-content\/uploads\/2024\/03\/PMD_2019_MOUMOUN_1-1200x1600.jpg 1200w, https:\/\/bonheurdepierre.com\/wp-content\/uploads\/2024\/03\/PMD_2019_MOUMOUN_1-rotated.jpg 1512w\" sizes=\"auto, (max-width: 768px) 100vw, 768px\" \/><button\n\t\t\tclass=\"lightbox-trigger\"\n\t\t\ttype=\"button\"\n\t\t\taria-haspopup=\"dialog\"\n\t\t\taria-label=\"Agrandir\"\n\t\t\tdata-wp-init=\"callbacks.initTriggerButton\"\n\t\t\tdata-wp-on--click=\"actions.showLightbox\"\n\t\t\tdata-wp-style--right=\"state.imageButtonRight\"\n\t\t\tdata-wp-style--top=\"state.imageButtonTop\"\n\t\t>\n\t\t\t<svg xmlns=\"http:\/\/www.w3.org\/2000\/svg\" width=\"12\" height=\"12\" fill=\"none\" viewBox=\"0 0 12 12\">\n\t\t\t\t<path fill=\"#fff\" d=\"M2 0a2 2 0 0 0-2 2v2h1.5V2a.5.5 0 0 1 .5-.5h2V0H2Zm2 10.5H2a.5.5 0 0 1-.5-.5V8H0v2a2 2 0 0 0 2 2h2v-1.5ZM8 12v-1.5h2a.5.5 0 0 0 .5-.5V8H12v2a2 2 0 0 1-2 2H8Zm2-12a2 2 0 0 1 2 2v2h-1.5V2a.5.5 0 0 0-.5-.5H8V0h2Z\" \/>\n\t\t\t<\/svg>\n\t\t<\/button><\/figure>\n\n\n\n<figure data-wp-context=\"{&quot;imageId&quot;:&quot;69e37fea26bfd&quot;}\" data-wp-interactive=\"core\/image\" data-wp-key=\"69e37fea26bfd\" class=\"wp-block-image size-large wp-lightbox-container\"><img loading=\"lazy\" decoding=\"async\" width=\"768\" height=\"1024\" data-wp-class--hide=\"state.isContentHidden\" data-wp-class--show=\"state.isContentVisible\" data-wp-init=\"callbacks.setButtonStyles\" data-wp-on--click=\"actions.showLightbox\" data-wp-on--load=\"callbacks.setButtonStyles\" data-wp-on-window--resize=\"callbacks.setButtonStyles\" data-id=\"172\" src=\"https:\/\/bonheurdepierre.com\/wp-content\/uploads\/2024\/03\/PMD_2019_MOUMOUN_2-768x1024.jpg\" alt=\"\" class=\"wp-image-172\" srcset=\"https:\/\/bonheurdepierre.com\/wp-content\/uploads\/2024\/03\/PMD_2019_MOUMOUN_2-768x1024.jpg 768w, https:\/\/bonheurdepierre.com\/wp-content\/uploads\/2024\/03\/PMD_2019_MOUMOUN_2-225x300.jpg 225w, https:\/\/bonheurdepierre.com\/wp-content\/uploads\/2024\/03\/PMD_2019_MOUMOUN_2-1152x1536.jpg 1152w, https:\/\/bonheurdepierre.com\/wp-content\/uploads\/2024\/03\/PMD_2019_MOUMOUN_2-1200x1600.jpg 1200w, https:\/\/bonheurdepierre.com\/wp-content\/uploads\/2024\/03\/PMD_2019_MOUMOUN_2-rotated.jpg 1512w\" sizes=\"auto, (max-width: 768px) 100vw, 768px\" \/><button\n\t\t\tclass=\"lightbox-trigger\"\n\t\t\ttype=\"button\"\n\t\t\taria-haspopup=\"dialog\"\n\t\t\taria-label=\"Agrandir\"\n\t\t\tdata-wp-init=\"callbacks.initTriggerButton\"\n\t\t\tdata-wp-on--click=\"actions.showLightbox\"\n\t\t\tdata-wp-style--right=\"state.imageButtonRight\"\n\t\t\tdata-wp-style--top=\"state.imageButtonTop\"\n\t\t>\n\t\t\t<svg xmlns=\"http:\/\/www.w3.org\/2000\/svg\" width=\"12\" height=\"12\" fill=\"none\" viewBox=\"0 0 12 12\">\n\t\t\t\t<path fill=\"#fff\" d=\"M2 0a2 2 0 0 0-2 2v2h1.5V2a.5.5 0 0 1 .5-.5h2V0H2Zm2 10.5H2a.5.5 0 0 1-.5-.5V8H0v2a2 2 0 0 0 2 2h2v-1.5ZM8 12v-1.5h2a.5.5 0 0 0 .5-.5V8H12v2a2 2 0 0 1-2 2H8Zm2-12a2 2 0 0 1 2 2v2h-1.5V2a.5.5 0 0 0-.5-.5H8V0h2Z\" \/>\n\t\t\t<\/svg>\n\t\t<\/button><\/figure>\n\n\n\n<figure data-wp-context=\"{&quot;imageId&quot;:&quot;69e37fea26f8f&quot;}\" data-wp-interactive=\"core\/image\" data-wp-key=\"69e37fea26f8f\" class=\"wp-block-image size-large wp-lightbox-container\"><img loading=\"lazy\" decoding=\"async\" width=\"768\" height=\"1024\" data-wp-class--hide=\"state.isContentHidden\" data-wp-class--show=\"state.isContentVisible\" data-wp-init=\"callbacks.setButtonStyles\" data-wp-on--click=\"actions.showLightbox\" data-wp-on--load=\"callbacks.setButtonStyles\" data-wp-on-window--resize=\"callbacks.setButtonStyles\" data-id=\"173\" src=\"https:\/\/bonheurdepierre.com\/wp-content\/uploads\/2024\/03\/PMD_2019_MOUMOUN_3-768x1024.jpg\" alt=\"\" class=\"wp-image-173\" srcset=\"https:\/\/bonheurdepierre.com\/wp-content\/uploads\/2024\/03\/PMD_2019_MOUMOUN_3-768x1024.jpg 768w, https:\/\/bonheurdepierre.com\/wp-content\/uploads\/2024\/03\/PMD_2019_MOUMOUN_3-225x300.jpg 225w, https:\/\/bonheurdepierre.com\/wp-content\/uploads\/2024\/03\/PMD_2019_MOUMOUN_3-1152x1536.jpg 1152w, https:\/\/bonheurdepierre.com\/wp-content\/uploads\/2024\/03\/PMD_2019_MOUMOUN_3-1200x1600.jpg 1200w, https:\/\/bonheurdepierre.com\/wp-content\/uploads\/2024\/03\/PMD_2019_MOUMOUN_3.jpg 1512w\" sizes=\"auto, (max-width: 768px) 100vw, 768px\" \/><button\n\t\t\tclass=\"lightbox-trigger\"\n\t\t\ttype=\"button\"\n\t\t\taria-haspopup=\"dialog\"\n\t\t\taria-label=\"Agrandir\"\n\t\t\tdata-wp-init=\"callbacks.initTriggerButton\"\n\t\t\tdata-wp-on--click=\"actions.showLightbox\"\n\t\t\tdata-wp-style--right=\"state.imageButtonRight\"\n\t\t\tdata-wp-style--top=\"state.imageButtonTop\"\n\t\t>\n\t\t\t<svg xmlns=\"http:\/\/www.w3.org\/2000\/svg\" width=\"12\" height=\"12\" fill=\"none\" viewBox=\"0 0 12 12\">\n\t\t\t\t<path fill=\"#fff\" d=\"M2 0a2 2 0 0 0-2 2v2h1.5V2a.5.5 0 0 1 .5-.5h2V0H2Zm2 10.5H2a.5.5 0 0 1-.5-.5V8H0v2a2 2 0 0 0 2 2h2v-1.5ZM8 12v-1.5h2a.5.5 0 0 0 .5-.5V8H12v2a2 2 0 0 1-2 2H8Zm2-12a2 2 0 0 1 2 2v2h-1.5V2a.5.5 0 0 0-.5-.5H8V0h2Z\" \/>\n\t\t\t<\/svg>\n\t\t<\/button><\/figure>\n\n\n\n<figure data-wp-context=\"{&quot;imageId&quot;:&quot;69e37fea27324&quot;}\" data-wp-interactive=\"core\/image\" data-wp-key=\"69e37fea27324\" class=\"wp-block-image size-large wp-lightbox-container\"><img loading=\"lazy\" decoding=\"async\" width=\"768\" height=\"1024\" data-wp-class--hide=\"state.isContentHidden\" data-wp-class--show=\"state.isContentVisible\" data-wp-init=\"callbacks.setButtonStyles\" data-wp-on--click=\"actions.showLightbox\" data-wp-on--load=\"callbacks.setButtonStyles\" data-wp-on-window--resize=\"callbacks.setButtonStyles\" data-id=\"174\" src=\"https:\/\/bonheurdepierre.com\/wp-content\/uploads\/2024\/03\/PMD_2019_MOUMOUN_4-768x1024.jpg\" alt=\"\" class=\"wp-image-174\" srcset=\"https:\/\/bonheurdepierre.com\/wp-content\/uploads\/2024\/03\/PMD_2019_MOUMOUN_4-768x1024.jpg 768w, https:\/\/bonheurdepierre.com\/wp-content\/uploads\/2024\/03\/PMD_2019_MOUMOUN_4-225x300.jpg 225w, https:\/\/bonheurdepierre.com\/wp-content\/uploads\/2024\/03\/PMD_2019_MOUMOUN_4-1152x1536.jpg 1152w, https:\/\/bonheurdepierre.com\/wp-content\/uploads\/2024\/03\/PMD_2019_MOUMOUN_4-1200x1600.jpg 1200w, https:\/\/bonheurdepierre.com\/wp-content\/uploads\/2024\/03\/PMD_2019_MOUMOUN_4.jpg 1512w\" sizes=\"auto, (max-width: 768px) 100vw, 768px\" \/><button\n\t\t\tclass=\"lightbox-trigger\"\n\t\t\ttype=\"button\"\n\t\t\taria-haspopup=\"dialog\"\n\t\t\taria-label=\"Agrandir\"\n\t\t\tdata-wp-init=\"callbacks.initTriggerButton\"\n\t\t\tdata-wp-on--click=\"actions.showLightbox\"\n\t\t\tdata-wp-style--right=\"state.imageButtonRight\"\n\t\t\tdata-wp-style--top=\"state.imageButtonTop\"\n\t\t>\n\t\t\t<svg xmlns=\"http:\/\/www.w3.org\/2000\/svg\" width=\"12\" height=\"12\" fill=\"none\" viewBox=\"0 0 12 12\">\n\t\t\t\t<path fill=\"#fff\" d=\"M2 0a2 2 0 0 0-2 2v2h1.5V2a.5.5 0 0 1 .5-.5h2V0H2Zm2 10.5H2a.5.5 0 0 1-.5-.5V8H0v2a2 2 0 0 0 2 2h2v-1.5ZM8 12v-1.5h2a.5.5 0 0 0 .5-.5V8H12v2a2 2 0 0 1-2 2H8Zm2-12a2 2 0 0 1 2 2v2h-1.5V2a.5.5 0 0 0-.5-.5H8V0h2Z\" \/>\n\t\t\t<\/svg>\n\t\t<\/button><\/figure>\n<\/figure>\n","protected":false},"excerpt":{"rendered":"<p>Notre chat qui sait \u00eatre \u00e0 la fois si proche et si ind\u00e9pendant est la attendant, une caresse.<\/p>\n","protected":false},"author":2,"featured_media":0,"parent":0,"menu_order":0,"comment_status":"closed","ping_status":"closed","template":"","meta":{"footnotes":""},"class_list":["post-185","page","type-page","status-publish","hentry"],"_links":{"self":[{"href":"https:\/\/bonheurdepierre.com\/index.php\/wp-json\/wp\/v2\/pages\/185","targetHints":{"allow":["GET"]}}],"collection":[{"href":"https:\/\/bonheurdepierre.com\/index.php\/wp-json\/wp\/v2\/pages"}],"about":[{"href":"https:\/\/bonheurdepierre.com\/index.php\/wp-json\/wp\/v2\/types\/page"}],"author":[{"embeddable":true,"href":"https:\/\/bonheurdepierre.com\/index.php\/wp-json\/wp\/v2\/users\/2"}],"replies":[{"embeddable":true,"href":"https:\/\/bonheurdepierre.com\/index.php\/wp-json\/wp\/v2\/comments?post=185"}],"version-history":[{"count":2,"href":"https:\/\/bonheurdepierre.com\/index.php\/wp-json\/wp\/v2\/pages\/185\/revisions"}],"predecessor-version":[{"id":196,"href":"https:\/\/bonheurdepierre.com\/index.php\/wp-json\/wp\/v2\/pages\/185\/revisions\/196"}],"wp:attachment":[{"href":"https:\/\/bonheurdepierre.com\/index.php\/wp-json\/wp\/v2\/media?parent=185"}],"curies":[{"name":"wp","href":"https:\/\/api.w.org\/{rel}","templated":true}]}}