{"id":188,"date":"2024-03-26T18:05:52","date_gmt":"2024-03-26T17:05:52","guid":{"rendered":"https:\/\/bonheurdepierre.com\/?page_id=188"},"modified":"2024-03-26T18:07:02","modified_gmt":"2024-03-26T17:07:02","slug":"liberty","status":"publish","type":"page","link":"https:\/\/bonheurdepierre.com\/index.php\/liberty\/","title":{"rendered":"Freedom"},"content":{"rendered":"\n<p>L&rsquo;oc\u00e9an de libert\u00e9 qu&rsquo;offre un voilier, toutes voiles gonfl\u00e9es d&rsquo;un esprit de libert\u00e9 en contact avec les \u00e9l\u00e9ments naturels. Emport\u00e9 par  les courants, pouss\u00e9 par  le vent, le skipper ne perdra pas le cap, m\u00eame si il doit emprunter des routes sinueuses. Soyons le skipper de notre vie.<\/p>\n\n\n\n<figure class=\"wp-block-gallery has-nested-images columns-default is-cropped wp-block-gallery-1 is-layout-flex wp-block-gallery-is-layout-flex\">\n<figure data-wp-context=\"{&quot;imageId&quot;:&quot;69e11b66caae3&quot;}\" data-wp-interactive=\"core\/image\" data-wp-key=\"69e11b66caae3\" class=\"wp-block-image size-large wp-lightbox-container\"><img loading=\"lazy\" decoding=\"async\" width=\"768\" height=\"1024\" data-wp-class--hide=\"state.isContentHidden\" data-wp-class--show=\"state.isContentVisible\" data-wp-init=\"callbacks.setButtonStyles\" data-wp-on--click=\"actions.showLightbox\" data-wp-on--load=\"callbacks.setButtonStyles\" data-wp-on-window--resize=\"callbacks.setButtonStyles\" data-id=\"168\" src=\"https:\/\/bonheurdepierre.com\/wp-content\/uploads\/2024\/03\/PMD_2020_EVASION_1-768x1024.jpg\" alt=\"\" class=\"wp-image-168\" srcset=\"https:\/\/bonheurdepierre.com\/wp-content\/uploads\/2024\/03\/PMD_2020_EVASION_1-768x1024.jpg 768w, https:\/\/bonheurdepierre.com\/wp-content\/uploads\/2024\/03\/PMD_2020_EVASION_1-225x300.jpg 225w, https:\/\/bonheurdepierre.com\/wp-content\/uploads\/2024\/03\/PMD_2020_EVASION_1-1152x1536.jpg 1152w, https:\/\/bonheurdepierre.com\/wp-content\/uploads\/2024\/03\/PMD_2020_EVASION_1-1200x1600.jpg 1200w, https:\/\/bonheurdepierre.com\/wp-content\/uploads\/2024\/03\/PMD_2020_EVASION_1-rotated.jpg 1512w\" sizes=\"auto, (max-width: 768px) 100vw, 768px\" \/><button\n\t\t\tclass=\"lightbox-trigger\"\n\t\t\ttype=\"button\"\n\t\t\taria-haspopup=\"dialog\"\n\t\t\taria-label=\"Agrandir\"\n\t\t\tdata-wp-init=\"callbacks.initTriggerButton\"\n\t\t\tdata-wp-on--click=\"actions.showLightbox\"\n\t\t\tdata-wp-style--right=\"state.imageButtonRight\"\n\t\t\tdata-wp-style--top=\"state.imageButtonTop\"\n\t\t>\n\t\t\t<svg xmlns=\"http:\/\/www.w3.org\/2000\/svg\" width=\"12\" height=\"12\" fill=\"none\" viewBox=\"0 0 12 12\">\n\t\t\t\t<path fill=\"#fff\" d=\"M2 0a2 2 0 0 0-2 2v2h1.5V2a.5.5 0 0 1 .5-.5h2V0H2Zm2 10.5H2a.5.5 0 0 1-.5-.5V8H0v2a2 2 0 0 0 2 2h2v-1.5ZM8 12v-1.5h2a.5.5 0 0 0 .5-.5V8H12v2a2 2 0 0 1-2 2H8Zm2-12a2 2 0 0 1 2 2v2h-1.5V2a.5.5 0 0 0-.5-.5H8V0h2Z\" \/>\n\t\t\t<\/svg>\n\t\t<\/button><figcaption class=\"wp-element-caption\">marbre de carrat<\/figcaption><\/figure>\n\n\n\n<figure data-wp-context=\"{&quot;imageId&quot;:&quot;69e11b66caf28&quot;}\" data-wp-interactive=\"core\/image\" data-wp-key=\"69e11b66caf28\" class=\"wp-block-image size-large wp-lightbox-container\"><img loading=\"lazy\" decoding=\"async\" width=\"768\" height=\"1024\" data-wp-class--hide=\"state.isContentHidden\" data-wp-class--show=\"state.isContentVisible\" data-wp-init=\"callbacks.setButtonStyles\" data-wp-on--click=\"actions.showLightbox\" data-wp-on--load=\"callbacks.setButtonStyles\" data-wp-on-window--resize=\"callbacks.setButtonStyles\" data-id=\"170\" src=\"https:\/\/bonheurdepierre.com\/wp-content\/uploads\/2024\/03\/PMD_2020_EVASION_3-768x1024.jpg\" alt=\"\" class=\"wp-image-170\" srcset=\"https:\/\/bonheurdepierre.com\/wp-content\/uploads\/2024\/03\/PMD_2020_EVASION_3-768x1024.jpg 768w, https:\/\/bonheurdepierre.com\/wp-content\/uploads\/2024\/03\/PMD_2020_EVASION_3-225x300.jpg 225w, https:\/\/bonheurdepierre.com\/wp-content\/uploads\/2024\/03\/PMD_2020_EVASION_3-1152x1536.jpg 1152w, https:\/\/bonheurdepierre.com\/wp-content\/uploads\/2024\/03\/PMD_2020_EVASION_3-1200x1600.jpg 1200w, https:\/\/bonheurdepierre.com\/wp-content\/uploads\/2024\/03\/PMD_2020_EVASION_3.jpg 1512w\" sizes=\"auto, (max-width: 768px) 100vw, 768px\" \/><button\n\t\t\tclass=\"lightbox-trigger\"\n\t\t\ttype=\"button\"\n\t\t\taria-haspopup=\"dialog\"\n\t\t\taria-label=\"Agrandir\"\n\t\t\tdata-wp-init=\"callbacks.initTriggerButton\"\n\t\t\tdata-wp-on--click=\"actions.showLightbox\"\n\t\t\tdata-wp-style--right=\"state.imageButtonRight\"\n\t\t\tdata-wp-style--top=\"state.imageButtonTop\"\n\t\t>\n\t\t\t<svg xmlns=\"http:\/\/www.w3.org\/2000\/svg\" width=\"12\" height=\"12\" fill=\"none\" viewBox=\"0 0 12 12\">\n\t\t\t\t<path fill=\"#fff\" d=\"M2 0a2 2 0 0 0-2 2v2h1.5V2a.5.5 0 0 1 .5-.5h2V0H2Zm2 10.5H2a.5.5 0 0 1-.5-.5V8H0v2a2 2 0 0 0 2 2h2v-1.5ZM8 12v-1.5h2a.5.5 0 0 0 .5-.5V8H12v2a2 2 0 0 1-2 2H8Zm2-12a2 2 0 0 1 2 2v2h-1.5V2a.5.5 0 0 0-.5-.5H8V0h2Z\" \/>\n\t\t\t<\/svg>\n\t\t<\/button><\/figure>\n\n\n\n<figure data-wp-context=\"{&quot;imageId&quot;:&quot;69e11b66cb2d7&quot;}\" data-wp-interactive=\"core\/image\" data-wp-key=\"69e11b66cb2d7\" class=\"wp-block-image size-large wp-lightbox-container\"><img loading=\"lazy\" decoding=\"async\" width=\"768\" height=\"1024\" data-wp-class--hide=\"state.isContentHidden\" data-wp-class--show=\"state.isContentVisible\" data-wp-init=\"callbacks.setButtonStyles\" data-wp-on--click=\"actions.showLightbox\" data-wp-on--load=\"callbacks.setButtonStyles\" data-wp-on-window--resize=\"callbacks.setButtonStyles\" data-id=\"169\" src=\"https:\/\/bonheurdepierre.com\/wp-content\/uploads\/2024\/03\/PMD_2020_EVASION_2-768x1024.jpg\" alt=\"\" class=\"wp-image-169\" srcset=\"https:\/\/bonheurdepierre.com\/wp-content\/uploads\/2024\/03\/PMD_2020_EVASION_2-768x1024.jpg 768w, https:\/\/bonheurdepierre.com\/wp-content\/uploads\/2024\/03\/PMD_2020_EVASION_2-225x300.jpg 225w, https:\/\/bonheurdepierre.com\/wp-content\/uploads\/2024\/03\/PMD_2020_EVASION_2-1152x1536.jpg 1152w, https:\/\/bonheurdepierre.com\/wp-content\/uploads\/2024\/03\/PMD_2020_EVASION_2-1200x1600.jpg 1200w, https:\/\/bonheurdepierre.com\/wp-content\/uploads\/2024\/03\/PMD_2020_EVASION_2.jpg 1512w\" sizes=\"auto, (max-width: 768px) 100vw, 768px\" \/><button\n\t\t\tclass=\"lightbox-trigger\"\n\t\t\ttype=\"button\"\n\t\t\taria-haspopup=\"dialog\"\n\t\t\taria-label=\"Agrandir\"\n\t\t\tdata-wp-init=\"callbacks.initTriggerButton\"\n\t\t\tdata-wp-on--click=\"actions.showLightbox\"\n\t\t\tdata-wp-style--right=\"state.imageButtonRight\"\n\t\t\tdata-wp-style--top=\"state.imageButtonTop\"\n\t\t>\n\t\t\t<svg xmlns=\"http:\/\/www.w3.org\/2000\/svg\" width=\"12\" height=\"12\" fill=\"none\" viewBox=\"0 0 12 12\">\n\t\t\t\t<path fill=\"#fff\" d=\"M2 0a2 2 0 0 0-2 2v2h1.5V2a.5.5 0 0 1 .5-.5h2V0H2Zm2 10.5H2a.5.5 0 0 1-.5-.5V8H0v2a2 2 0 0 0 2 2h2v-1.5ZM8 12v-1.5h2a.5.5 0 0 0 .5-.5V8H12v2a2 2 0 0 1-2 2H8Zm2-12a2 2 0 0 1 2 2v2h-1.5V2a.5.5 0 0 0-.5-.5H8V0h2Z\" \/>\n\t\t\t<\/svg>\n\t\t<\/button><\/figure>\n<\/figure>\n","protected":false},"excerpt":{"rendered":"<p>L&rsquo;oc\u00e9an de libert\u00e9 qu&rsquo;offre un voilier, toutes voiles gonfl\u00e9es d&rsquo;un esprit de libert\u00e9 en contact avec les \u00e9l\u00e9ments naturels. Emport\u00e9 par les courants, pouss\u00e9 par le vent, le skipper ne perdra pas le cap, m\u00eame si il doit emprunter des routes sinueuses. Soyons le skipper de notre vie.<\/p>\n","protected":false},"author":2,"featured_media":0,"parent":0,"menu_order":0,"comment_status":"closed","ping_status":"closed","template":"","meta":{"footnotes":""},"class_list":["post-188","page","type-page","status-publish","hentry"],"_links":{"self":[{"href":"https:\/\/bonheurdepierre.com\/index.php\/wp-json\/wp\/v2\/pages\/188","targetHints":{"allow":["GET"]}}],"collection":[{"href":"https:\/\/bonheurdepierre.com\/index.php\/wp-json\/wp\/v2\/pages"}],"about":[{"href":"https:\/\/bonheurdepierre.com\/index.php\/wp-json\/wp\/v2\/types\/page"}],"author":[{"embeddable":true,"href":"https:\/\/bonheurdepierre.com\/index.php\/wp-json\/wp\/v2\/users\/2"}],"replies":[{"embeddable":true,"href":"https:\/\/bonheurdepierre.com\/index.php\/wp-json\/wp\/v2\/comments?post=188"}],"version-history":[{"count":2,"href":"https:\/\/bonheurdepierre.com\/index.php\/wp-json\/wp\/v2\/pages\/188\/revisions"}],"predecessor-version":[{"id":191,"href":"https:\/\/bonheurdepierre.com\/index.php\/wp-json\/wp\/v2\/pages\/188\/revisions\/191"}],"wp:attachment":[{"href":"https:\/\/bonheurdepierre.com\/index.php\/wp-json\/wp\/v2\/media?parent=188"}],"curies":[{"name":"wp","href":"https:\/\/api.w.org\/{rel}","templated":true}]}}