{"id":355,"date":"2024-07-25T22:50:27","date_gmt":"2024-07-25T20:50:27","guid":{"rendered":"https:\/\/bonheurdepierre.com\/?page_id=355"},"modified":"2025-04-11T23:16:40","modified_gmt":"2025-04-11T21:16:40","slug":"legende-de-l-elephan-toucan","status":"publish","type":"page","link":"https:\/\/bonheurdepierre.com\/index.php\/legende-de-l-elephan-toucan\/","title":{"rendered":"l\u00e9gende de l&rsquo;\u00e9l\u00e9phant-toucan"},"content":{"rendered":"\n<div class=\"wp-block-cover\"><span aria-hidden=\"true\" class=\"wp-block-cover__background has-background-dim\"><\/span><img loading=\"lazy\" decoding=\"async\" width=\"1024\" height=\"1024\" class=\"wp-block-cover__image-background wp-image-357\" alt=\"\" src=\"https:\/\/bonheurdepierre.com\/wp-content\/uploads\/2024\/07\/20210419_105506-1024x1024.jpg\" data-object-fit=\"cover\" srcset=\"https:\/\/bonheurdepierre.com\/wp-content\/uploads\/2024\/07\/20210419_105506-1024x1024.jpg 1024w, https:\/\/bonheurdepierre.com\/wp-content\/uploads\/2024\/07\/20210419_105506-300x300.jpg 300w, https:\/\/bonheurdepierre.com\/wp-content\/uploads\/2024\/07\/20210419_105506-150x150.jpg 150w, https:\/\/bonheurdepierre.com\/wp-content\/uploads\/2024\/07\/20210419_105506-768x768.jpg 768w, https:\/\/bonheurdepierre.com\/wp-content\/uploads\/2024\/07\/20210419_105506-1536x1536.jpg 1536w, https:\/\/bonheurdepierre.com\/wp-content\/uploads\/2024\/07\/20210419_105506-2048x2048.jpg 2048w, https:\/\/bonheurdepierre.com\/wp-content\/uploads\/2024\/07\/20210419_105506-1200x1200.jpg 1200w, https:\/\/bonheurdepierre.com\/wp-content\/uploads\/2024\/07\/20210419_105506-1980x1980.jpg 1980w\" sizes=\"auto, (max-width: 1024px) 100vw, 1024px\" \/><div class=\"wp-block-cover__inner-container is-layout-flow wp-block-cover-is-layout-flow\">\n<p class=\"has-text-align-center has-large-font-size\"><\/p>\n<\/div><\/div>\n\n\n\n<figure class=\"wp-block-image size-full\"><img decoding=\"async\" src=\"https:\/\/bonheurdepierre.com\/wp-content\/uploads\/2024\/07\/image.jpeg\" alt=\"L\u2019attribut alt de cette image est vide, son nom de fichier est 20210419_105323-1024x1024.jpg.\" class=\"wp-image-360\"\/><\/figure>\n\n\n\n<figure class=\"wp-block-image size-large\"><img decoding=\"async\" src=\"https:\/\/bonheurdepierre.com\/wp-content\/uploads\/2024\/07\/20210419_105515-1024x1024.jpg\" alt=\"\" class=\"wp-image-361\"\/><\/figure>\n\n\n\n<figure class=\"wp-block-image size-large\"><img loading=\"lazy\" decoding=\"async\" width=\"1024\" height=\"1024\" src=\"https:\/\/bonheurdepierre.com\/wp-content\/uploads\/2024\/07\/20210419_105633-1024x1024.jpg\" alt=\"\" class=\"wp-image-362\" srcset=\"https:\/\/bonheurdepierre.com\/wp-content\/uploads\/2024\/07\/20210419_105633-1024x1024.jpg 1024w, https:\/\/bonheurdepierre.com\/wp-content\/uploads\/2024\/07\/20210419_105633-300x300.jpg 300w, https:\/\/bonheurdepierre.com\/wp-content\/uploads\/2024\/07\/20210419_105633-150x150.jpg 150w, https:\/\/bonheurdepierre.com\/wp-content\/uploads\/2024\/07\/20210419_105633-768x768.jpg 768w, https:\/\/bonheurdepierre.com\/wp-content\/uploads\/2024\/07\/20210419_105633-1536x1536.jpg 1536w, https:\/\/bonheurdepierre.com\/wp-content\/uploads\/2024\/07\/20210419_105633-2048x2048.jpg 2048w, https:\/\/bonheurdepierre.com\/wp-content\/uploads\/2024\/07\/20210419_105633-1200x1200.jpg 1200w, https:\/\/bonheurdepierre.com\/wp-content\/uploads\/2024\/07\/20210419_105633-1980x1980.jpg 1980w\" sizes=\"auto, (max-width: 1024px) 100vw, 1024px\" \/><\/figure>\n\n\n","protected":false},"excerpt":{"rendered":"","protected":false},"author":3,"featured_media":0,"parent":0,"menu_order":0,"comment_status":"closed","ping_status":"closed","template":"","meta":{"footnotes":""},"class_list":["post-355","page","type-page","status-publish","hentry"],"_links":{"self":[{"href":"https:\/\/bonheurdepierre.com\/index.php\/wp-json\/wp\/v2\/pages\/355","targetHints":{"allow":["GET"]}}],"collection":[{"href":"https:\/\/bonheurdepierre.com\/index.php\/wp-json\/wp\/v2\/pages"}],"about":[{"href":"https:\/\/bonheurdepierre.com\/index.php\/wp-json\/wp\/v2\/types\/page"}],"author":[{"embeddable":true,"href":"https:\/\/bonheurdepierre.com\/index.php\/wp-json\/wp\/v2\/users\/3"}],"replies":[{"embeddable":true,"href":"https:\/\/bonheurdepierre.com\/index.php\/wp-json\/wp\/v2\/comments?post=355"}],"version-history":[{"count":3,"href":"https:\/\/bonheurdepierre.com\/index.php\/wp-json\/wp\/v2\/pages\/355\/revisions"}],"predecessor-version":[{"id":372,"href":"https:\/\/bonheurdepierre.com\/index.php\/wp-json\/wp\/v2\/pages\/355\/revisions\/372"}],"wp:attachment":[{"href":"https:\/\/bonheurdepierre.com\/index.php\/wp-json\/wp\/v2\/media?parent=355"}],"curies":[{"name":"wp","href":"https:\/\/api.w.org\/{rel}","templated":true}]}}