{"id":77,"date":"2024-03-26T11:09:57","date_gmt":"2024-03-26T10:09:57","guid":{"rendered":"https:\/\/bonheurdepierre.com\/?page_id=77"},"modified":"2025-04-12T00:33:29","modified_gmt":"2025-04-11T22:33:29","slug":"pierre","status":"publish","type":"page","link":"https:\/\/bonheurdepierre.com\/index.php\/pierre\/","title":{"rendered":"Pierre"},"content":{"rendered":"<div class=\"wp-block-image\">\n<figure class=\"alignleft size-full is-resized\"><img loading=\"lazy\" decoding=\"async\" width=\"797\" height=\"931\" src=\"https:\/\/bonheurdepierre.com\/wp-content\/uploads\/2024\/07\/WhatsApp-Image-2024-07-07-a-19.49.53_b369605d.jpg\" alt=\"\" class=\"wp-image-340\" style=\"width:333px;height:auto\" srcset=\"https:\/\/bonheurdepierre.com\/wp-content\/uploads\/2024\/07\/WhatsApp-Image-2024-07-07-a-19.49.53_b369605d.jpg 797w, https:\/\/bonheurdepierre.com\/wp-content\/uploads\/2024\/07\/WhatsApp-Image-2024-07-07-a-19.49.53_b369605d-257x300.jpg 257w, https:\/\/bonheurdepierre.com\/wp-content\/uploads\/2024\/07\/WhatsApp-Image-2024-07-07-a-19.49.53_b369605d-768x897.jpg 768w\" sizes=\"auto, (max-width: 797px) 100vw, 797px\" \/><\/figure>\n<\/div>\n\n\n<p>Pierre FRISCH pratique la sculpture sur pierre depuis 40 ans, il anime des ateliers d&rsquo;initiations \u00e0 la sculpture depuis des dizaines d&rsquo; ann\u00e9es dans divers lieux de vacances l&rsquo; \u00e9t\u00e9 et toute l&rsquo; ann\u00e9e dans son atelier en banlieue parisienne.<\/p>\n\n\n\n<p>\u00ab\u00a0Je pratique la taille directe dans des bloques de pierres de diff\u00e9rentes duret\u00e9, couleur et forme, c&rsquo;est un cheminement it\u00e9ratif pour qu &lsquo;\u00e9merge des formes et des symboles. <\/p>\n\n\n\n<p>Le chemin est pav\u00e9 de choix instinctifs, milles embranchement vers une finalit\u00e9 inconnue mais qui se d\u00e9couvre au fur et \u00e0 mesure, tous les chemin menant forcement quelque part. Avancer sans but , permet une grande souplesse de forme.<\/p>\n\n\n\n<p>Quand la sculpture est aboutie, avec son niveau assumable d&rsquo; imperfection humaine, alors seulement son cr\u00e9ateur peut la nommer et la laisser vivre sa vie propre de cr\u00e9ature libre, en croyant \u00e0 sa capacit\u00e9 de se connecte \u00e0 d&rsquo;autre humains.\u00a0\u00bb<\/p>\n\n\n\n<p><\/p>\n\n\n\n<p><\/p>\n\n\n\n<p><\/p>\n","protected":false},"excerpt":{"rendered":"<p>Pierre FRISCH pratique la sculpture sur pierre depuis 40 ans, il anime des ateliers d&rsquo;initiations \u00e0 la sculpture depuis des dizaines d&rsquo; ann\u00e9es dans divers lieux de vacances l&rsquo; \u00e9t\u00e9 et toute l&rsquo; ann\u00e9e dans son atelier en banlieue parisienne. \u00ab\u00a0Je pratique la taille directe dans des bloques de pierres de diff\u00e9rentes duret\u00e9, couleur et [&hellip;]<\/p>\n","protected":false},"author":2,"featured_media":0,"parent":0,"menu_order":0,"comment_status":"closed","ping_status":"closed","template":"","meta":{"footnotes":""},"class_list":["post-77","page","type-page","status-publish","hentry"],"_links":{"self":[{"href":"https:\/\/bonheurdepierre.com\/index.php\/wp-json\/wp\/v2\/pages\/77","targetHints":{"allow":["GET"]}}],"collection":[{"href":"https:\/\/bonheurdepierre.com\/index.php\/wp-json\/wp\/v2\/pages"}],"about":[{"href":"https:\/\/bonheurdepierre.com\/index.php\/wp-json\/wp\/v2\/types\/page"}],"author":[{"embeddable":true,"href":"https:\/\/bonheurdepierre.com\/index.php\/wp-json\/wp\/v2\/users\/2"}],"replies":[{"embeddable":true,"href":"https:\/\/bonheurdepierre.com\/index.php\/wp-json\/wp\/v2\/comments?post=77"}],"version-history":[{"count":10,"href":"https:\/\/bonheurdepierre.com\/index.php\/wp-json\/wp\/v2\/pages\/77\/revisions"}],"predecessor-version":[{"id":380,"href":"https:\/\/bonheurdepierre.com\/index.php\/wp-json\/wp\/v2\/pages\/77\/revisions\/380"}],"wp:attachment":[{"href":"https:\/\/bonheurdepierre.com\/index.php\/wp-json\/wp\/v2\/media?parent=77"}],"curies":[{"name":"wp","href":"https:\/\/api.w.org\/{rel}","templated":true}]}}