{"id":85,"date":"2024-03-26T11:14:30","date_gmt":"2024-03-26T10:14:30","guid":{"rendered":"https:\/\/bonheurdepierre.com\/?page_id=85"},"modified":"2024-03-26T18:41:36","modified_gmt":"2024-03-26T17:41:36","slug":"philippe","status":"publish","type":"page","link":"https:\/\/bonheurdepierre.com\/index.php\/philippe\/","title":{"rendered":"Philippe"},"content":{"rendered":"\n<p>Chacune de ce sculptures d\u00e9marrent par un bloc de pierre plus ou moins structur\u00e9. La naissance de l&rsquo;objet r\u00e9aliste ou non m&rsquo;apparait comme par \u00e9vidence. L&rsquo;approfondissement des formes peut changer l&rsquo;aspect mais pas mon th\u00e8me. Chacune des pierres offre un grain diff\u00e9rent, une rigidit\u00e9 qui me permettront d&rsquo;aboutir \u00e0 des courbes et des \u00e9paisseurs diff\u00e9rentes impos\u00e9es par la pierre. Certaines ne r\u00e9sisteront pas et &#8230; c&rsquo;est la rupture impos\u00e9e&#8230; ce qui donne l&rsquo;occasion de rebondir vers une autre forme. C&rsquo;est le cas de <a href=\"https:\/\/bonheurdepierre.com\/index.php\/liberty\/\">Freedom<\/a>, le foc \u00e9tait initialement attach\u00e9 \u00e0 la grande voile. Finalement c&rsquo;est mieux ainsi&#8230;<\/p>\n\n\n\n<figure class=\"wp-block-gallery has-nested-images columns-default is-cropped wp-block-gallery-1 is-layout-flex wp-block-gallery-is-layout-flex\">\n<figure class=\"wp-block-image size-large\"><a href=\"https:\/\/bonheurdepierre.com\/index.php\/details\/\" target=\"_blank\" rel=\"noreferrer noopener\"><img loading=\"lazy\" decoding=\"async\" width=\"768\" height=\"1024\" data-id=\"86\" src=\"https:\/\/bonheurdepierre.com\/wp-content\/uploads\/2024\/03\/IMG_6258-768x1024.jpg\" alt=\"\" class=\"wp-image-86\" srcset=\"https:\/\/bonheurdepierre.com\/wp-content\/uploads\/2024\/03\/IMG_6258-768x1024.jpg 768w, https:\/\/bonheurdepierre.com\/wp-content\/uploads\/2024\/03\/IMG_6258-225x300.jpg 225w, https:\/\/bonheurdepierre.com\/wp-content\/uploads\/2024\/03\/IMG_6258-1152x1536.jpg 1152w, https:\/\/bonheurdepierre.com\/wp-content\/uploads\/2024\/03\/IMG_6258-1200x1600.jpg 1200w, https:\/\/bonheurdepierre.com\/wp-content\/uploads\/2024\/03\/IMG_6258.jpg 1512w\" sizes=\"auto, (max-width: 768px) 100vw, 768px\" \/><\/a><figcaption class=\"wp-element-caption\">Tourments<\/figcaption><\/figure>\n\n\n\n<figure class=\"wp-block-image size-large\"><a href=\"https:\/\/bonheurdepierre.com\/index.php\/save-the-planet\/\"><img loading=\"lazy\" decoding=\"async\" width=\"768\" height=\"1024\" data-id=\"129\" src=\"https:\/\/bonheurdepierre.com\/wp-content\/uploads\/2024\/03\/PMD_2017_BE_SAFE_4-1152x1536-1-768x1024.jpg\" alt=\"\" class=\"wp-image-129\" srcset=\"https:\/\/bonheurdepierre.com\/wp-content\/uploads\/2024\/03\/PMD_2017_BE_SAFE_4-1152x1536-1-768x1024.jpg 768w, https:\/\/bonheurdepierre.com\/wp-content\/uploads\/2024\/03\/PMD_2017_BE_SAFE_4-1152x1536-1-225x300.jpg 225w, https:\/\/bonheurdepierre.com\/wp-content\/uploads\/2024\/03\/PMD_2017_BE_SAFE_4-1152x1536-1.jpg 1152w\" sizes=\"auto, (max-width: 768px) 100vw, 768px\" \/><\/a><figcaption class=\"wp-element-caption\">Save the planet<\/figcaption><\/figure>\n\n\n\n<figure class=\"wp-block-image size-large\"><a href=\"https:\/\/bonheurdepierre.com\/index.php\/reverie\/\"><img loading=\"lazy\" decoding=\"async\" width=\"768\" height=\"1024\" data-id=\"130\" src=\"http:\/\/bonheurdepierre.com\/wp-content\/uploads\/2024\/03\/PMD_2019_REVERIE_4-1152x1536-1-768x1024.jpg\" alt=\"\" class=\"wp-image-130\" srcset=\"https:\/\/bonheurdepierre.com\/wp-content\/uploads\/2024\/03\/PMD_2019_REVERIE_4-1152x1536-1-768x1024.jpg 768w, https:\/\/bonheurdepierre.com\/wp-content\/uploads\/2024\/03\/PMD_2019_REVERIE_4-1152x1536-1-225x300.jpg 225w, https:\/\/bonheurdepierre.com\/wp-content\/uploads\/2024\/03\/PMD_2019_REVERIE_4-1152x1536-1.jpg 1152w\" sizes=\"auto, (max-width: 768px) 100vw, 768px\" \/><\/a><figcaption class=\"wp-element-caption\">R\u00eaverie<\/figcaption><\/figure>\n\n\n\n<figure class=\"wp-block-image size-large\"><a href=\"https:\/\/bonheurdepierre.com\/index.php\/priere\/\"><img loading=\"lazy\" decoding=\"async\" width=\"768\" height=\"1024\" data-id=\"131\" src=\"http:\/\/bonheurdepierre.com\/wp-content\/uploads\/2024\/03\/PMD_2019_PRIERE_4-1152x1536-1-768x1024.jpg\" alt=\"\" class=\"wp-image-131\" srcset=\"https:\/\/bonheurdepierre.com\/wp-content\/uploads\/2024\/03\/PMD_2019_PRIERE_4-1152x1536-1-768x1024.jpg 768w, https:\/\/bonheurdepierre.com\/wp-content\/uploads\/2024\/03\/PMD_2019_PRIERE_4-1152x1536-1-225x300.jpg 225w, https:\/\/bonheurdepierre.com\/wp-content\/uploads\/2024\/03\/PMD_2019_PRIERE_4-1152x1536-1.jpg 1152w\" sizes=\"auto, (max-width: 768px) 100vw, 768px\" \/><\/a><figcaption class=\"wp-element-caption\">Priere<\/figcaption><\/figure>\n\n\n\n<figure class=\"wp-block-image size-large\"><a href=\"https:\/\/bonheurdepierre.com\/index.php\/moumoune\/\"><img loading=\"lazy\" decoding=\"async\" width=\"150\" height=\"150\" data-id=\"125\" src=\"https:\/\/bonheurdepierre.com\/wp-content\/uploads\/2024\/03\/PMD_2019_MOUMOUN_3-150x150-1.jpg\" alt=\"\" class=\"wp-image-125\"\/><\/a><figcaption class=\"wp-element-caption\">Moumoune<\/figcaption><\/figure>\n\n\n\n<figure class=\"wp-block-image size-large\"><a href=\"https:\/\/bonheurdepierre.com\/index.php\/liberty\/\"><img loading=\"lazy\" decoding=\"async\" width=\"768\" height=\"1024\" data-id=\"133\" src=\"https:\/\/bonheurdepierre.com\/wp-content\/uploads\/2024\/03\/PMD_2020_EVASION_4-1152x1536-1-768x1024.jpg\" alt=\"\" class=\"wp-image-133\" srcset=\"https:\/\/bonheurdepierre.com\/wp-content\/uploads\/2024\/03\/PMD_2020_EVASION_4-1152x1536-1-768x1024.jpg 768w, https:\/\/bonheurdepierre.com\/wp-content\/uploads\/2024\/03\/PMD_2020_EVASION_4-1152x1536-1-225x300.jpg 225w, https:\/\/bonheurdepierre.com\/wp-content\/uploads\/2024\/03\/PMD_2020_EVASION_4-1152x1536-1.jpg 1152w\" sizes=\"auto, (max-width: 768px) 100vw, 768px\" \/><\/a><figcaption class=\"wp-element-caption\">Freedom<\/figcaption><\/figure>\n<\/figure>\n","protected":false},"excerpt":{"rendered":"<p>Chacune de ce sculptures d\u00e9marrent par un bloc de pierre plus ou moins structur\u00e9. La naissance de l&rsquo;objet r\u00e9aliste ou non m&rsquo;apparait comme par \u00e9vidence. L&rsquo;approfondissement des formes peut changer l&rsquo;aspect mais pas mon th\u00e8me. Chacune des pierres offre un grain diff\u00e9rent, une rigidit\u00e9 qui me permettront d&rsquo;aboutir \u00e0 des courbes et des \u00e9paisseurs diff\u00e9rentes [&hellip;]<\/p>\n","protected":false},"author":2,"featured_media":0,"parent":0,"menu_order":0,"comment_status":"closed","ping_status":"closed","template":"","meta":{"footnotes":""},"class_list":["post-85","page","type-page","status-publish","hentry"],"_links":{"self":[{"href":"https:\/\/bonheurdepierre.com\/index.php\/wp-json\/wp\/v2\/pages\/85","targetHints":{"allow":["GET"]}}],"collection":[{"href":"https:\/\/bonheurdepierre.com\/index.php\/wp-json\/wp\/v2\/pages"}],"about":[{"href":"https:\/\/bonheurdepierre.com\/index.php\/wp-json\/wp\/v2\/types\/page"}],"author":[{"embeddable":true,"href":"https:\/\/bonheurdepierre.com\/index.php\/wp-json\/wp\/v2\/users\/2"}],"replies":[{"embeddable":true,"href":"https:\/\/bonheurdepierre.com\/index.php\/wp-json\/wp\/v2\/comments?post=85"}],"version-history":[{"count":17,"href":"https:\/\/bonheurdepierre.com\/index.php\/wp-json\/wp\/v2\/pages\/85\/revisions"}],"predecessor-version":[{"id":202,"href":"https:\/\/bonheurdepierre.com\/index.php\/wp-json\/wp\/v2\/pages\/85\/revisions\/202"}],"wp:attachment":[{"href":"https:\/\/bonheurdepierre.com\/index.php\/wp-json\/wp\/v2\/media?parent=85"}],"curies":[{"name":"wp","href":"https:\/\/api.w.org\/{rel}","templated":true}]}}